{"id":152,"date":"2025-05-26T02:11:56","date_gmt":"2025-05-26T02:11:56","guid":{"rendered":"https:\/\/diagnosticoenergeticointegral.com\/?page_id=152"},"modified":"2025-06-26T20:12:17","modified_gmt":"2025-06-26T20:12:17","slug":"catalogo","status":"publish","type":"page","link":"https:\/\/diagnosticoenergeticointegral.com\/?page_id=152","title":{"rendered":"Cat\u00e1logo"},"content":{"rendered":"<div data-wp-interactive=\"core\/file\" class=\"wp-block-file alignwide\"><object data-wp-bind--hidden=\"!state.hasPdfPreview\" hidden class=\"wp-block-file__embed\" data=\"https:\/\/diagnosticoenergeticointegral.com\/wp-content\/uploads\/2025\/05\/Catalogo-de-productos-naturales-al-amm.pdf\" type=\"application\/pdf\" style=\"width:100%;height:600px\" aria-label=\"Embed of Cat\u00e1logo de productos naturales al-amm.\"><\/object><a id=\"wp-block-file--media-221926cc-cb97-450b-ba52-adff383cd5df\" href=\"https:\/\/diagnosticoenergeticointegral.com\/wp-content\/uploads\/2025\/05\/Catalogo-de-productos-naturales-al-amm.pdf\">Cat\u00e1logo de productos naturales al-amm<\/a><a href=\"https:\/\/diagnosticoenergeticointegral.com\/wp-content\/uploads\/2025\/05\/Catalogo-de-productos-naturales-al-amm.pdf\" class=\"wp-block-file__button wp-element-button\" download aria-describedby=\"wp-block-file--media-221926cc-cb97-450b-ba52-adff383cd5df\">Descargar<\/a><\/div><p class=\"has-text-align-center\">Para hacer pedidos nos puedes contactar por redes sociales o por nuestro correo elect\u00f3nico al final del cat\u00e1logo.<\/p><div class=\"wp-block-cover alignfull is-light\"><img loading=\"lazy\" decoding=\"async\" width=\"1024\" height=\"512\" class=\"wp-block-cover__image-background wp-image-118 size-large\" alt=\"\" src=\"https:\/\/diagnosticoenergeticointegral.com\/wp-content\/uploads\/2025\/05\/Diseno-sin-titulo-32-1024x512.png\" data-object-fit=\"cover\" srcset=\"https:\/\/diagnosticoenergeticointegral.com\/wp-content\/uploads\/2025\/05\/Diseno-sin-titulo-32-1024x512.png 1024w, https:\/\/diagnosticoenergeticointegral.com\/wp-content\/uploads\/2025\/05\/Diseno-sin-titulo-32-300x150.png 300w, https:\/\/diagnosticoenergeticointegral.com\/wp-content\/uploads\/2025\/05\/Diseno-sin-titulo-32-768x384.png 768w, https:\/\/diagnosticoenergeticointegral.com\/wp-content\/uploads\/2025\/05\/Diseno-sin-titulo-32-1536x768.png 1536w, https:\/\/diagnosticoenergeticointegral.com\/wp-content\/uploads\/2025\/05\/Diseno-sin-titulo-32-2048x1024.png 2048w, https:\/\/diagnosticoenergeticointegral.com\/wp-content\/uploads\/2025\/05\/Diseno-sin-titulo-32-600x300.png 600w\" sizes=\"auto, (max-width: 1024px) 100vw, 1024px\" \/><span aria-hidden=\"true\" class=\"wp-block-cover__background has-background-dim\" style=\"background-color:#9e9e97\"><\/span><div class=\"wp-block-cover__inner-container has-global-padding is-layout-constrained wp-block-cover-is-layout-constrained\"><h3 class=\"wp-block-heading alignwide has-text-align-center\"><mark style=\"background-color:rgba(0, 0, 0, 0)\" class=\"has-inline-color has-base-2-color\">S\u00edguenos en nuestras Redes Sociales<\/mark><\/h3>\n\n<div class=\"wp-block-buttons alignwide is-content-justification-center is-layout-flex wp-container-core-buttons-is-layout-a89b3969 wp-block-buttons-is-layout-flex\"><div class=\"wp-block-button\"><a class=\"wp-block-button__link wp-element-button\" href=\"https:\/\/www.instagram.com\/productosnaturales_alamm\/\">Instagram<\/a><\/div><\/div><\/div><\/div><p><\/p>","protected":false},"excerpt":{"rendered":"<p>Para hacer pedidos nos puedes contactar por redes sociales o por nuestro correo elect\u00f3nico al final del cat\u00e1logo.<\/p>\n","protected":false},"author":1,"featured_media":0,"parent":0,"menu_order":0,"comment_status":"closed","ping_status":"closed","template":"","meta":{"footnotes":""},"class_list":["post-152","page","type-page","status-publish","hentry"],"yoast_head":"<!-- This site is optimized with the Yoast SEO plugin v25.1 - https:\/\/yoast.com\/wordpress\/plugins\/seo\/ -->\n<title>Cat\u00e1logo - Diagn\u00f3stico Energ\u00e9tico Integral \u00ae<\/title>\n<meta name=\"robots\" content=\"index, follow, max-snippet:-1, max-image-preview:large, max-video-preview:-1\" \/>\n<link rel=\"canonical\" href=\"https:\/\/diagnosticoenergeticointegral.com\/?page_id=152\" \/>\n<meta property=\"og:locale\" content=\"en_US\" \/>\n<meta property=\"og:type\" content=\"article\" \/>\n<meta property=\"og:title\" content=\"Cat\u00e1logo - Diagn\u00f3stico Energ\u00e9tico Integral \u00ae\" \/>\n<meta property=\"og:description\" content=\"Para hacer pedidos nos puedes contactar por redes sociales o por nuestro correo elect\u00f3nico al final del cat\u00e1logo.\" \/>\n<meta property=\"og:url\" content=\"https:\/\/diagnosticoenergeticointegral.com\/?page_id=152\" \/>\n<meta property=\"og:site_name\" content=\"Diagn\u00f3stico Energ\u00e9tico Integral \u00ae\" \/>\n<meta property=\"article:modified_time\" content=\"2025-06-26T20:12:17+00:00\" \/>\n<meta property=\"og:image\" content=\"https:\/\/diagnosticoenergeticointegral.com\/wp-content\/uploads\/2025\/05\/Diseno-sin-titulo-32-1024x512.png\" \/>\n\t<meta property=\"og:image:width\" content=\"1024\" \/>\n\t<meta property=\"og:image:height\" content=\"512\" \/>\n\t<meta property=\"og:image:type\" content=\"image\/png\" \/>\n<meta name=\"twitter:card\" content=\"summary_large_image\" \/>\n<meta name=\"twitter:label1\" content=\"Est. reading time\" \/>\n\t<meta name=\"twitter:data1\" content=\"1 minute\" \/>\n<script type=\"application\/ld+json\" class=\"yoast-schema-graph\">{\"@context\":\"https:\/\/schema.org\",\"@graph\":[{\"@type\":\"WebPage\",\"@id\":\"https:\/\/diagnosticoenergeticointegral.com\/?page_id=152\",\"url\":\"https:\/\/diagnosticoenergeticointegral.com\/?page_id=152\",\"name\":\"Cat\u00e1logo - Diagn\u00f3stico Energ\u00e9tico Integral \u00ae\",\"isPartOf\":{\"@id\":\"https:\/\/diagnosticoenergeticointegral.com\/#website\"},\"primaryImageOfPage\":{\"@id\":\"https:\/\/diagnosticoenergeticointegral.com\/?page_id=152#primaryimage\"},\"image\":{\"@id\":\"https:\/\/diagnosticoenergeticointegral.com\/?page_id=152#primaryimage\"},\"thumbnailUrl\":\"https:\/\/diagnosticoenergeticointegral.com\/wp-content\/uploads\/2025\/05\/Diseno-sin-titulo-32-1024x512.png\",\"datePublished\":\"2025-05-26T02:11:56+00:00\",\"dateModified\":\"2025-06-26T20:12:17+00:00\",\"breadcrumb\":{\"@id\":\"https:\/\/diagnosticoenergeticointegral.com\/?page_id=152#breadcrumb\"},\"inLanguage\":\"en-US\",\"potentialAction\":[{\"@type\":\"ReadAction\",\"target\":[\"https:\/\/diagnosticoenergeticointegral.com\/?page_id=152\"]}]},{\"@type\":\"ImageObject\",\"inLanguage\":\"en-US\",\"@id\":\"https:\/\/diagnosticoenergeticointegral.com\/?page_id=152#primaryimage\",\"url\":\"https:\/\/diagnosticoenergeticointegral.com\/wp-content\/uploads\/2025\/05\/Diseno-sin-titulo-32-scaled.png\",\"contentUrl\":\"https:\/\/diagnosticoenergeticointegral.com\/wp-content\/uploads\/2025\/05\/Diseno-sin-titulo-32-scaled.png\",\"width\":2560,\"height\":1280},{\"@type\":\"BreadcrumbList\",\"@id\":\"https:\/\/diagnosticoenergeticointegral.com\/?page_id=152#breadcrumb\",\"itemListElement\":[{\"@type\":\"ListItem\",\"position\":1,\"name\":\"Home\",\"item\":\"https:\/\/diagnosticoenergeticointegral.com\/\"},{\"@type\":\"ListItem\",\"position\":2,\"name\":\"Cat\u00e1logo\"}]},{\"@type\":\"WebSite\",\"@id\":\"https:\/\/diagnosticoenergeticointegral.com\/#website\",\"url\":\"https:\/\/diagnosticoenergeticointegral.com\/\",\"name\":\"Diagn\u00f3stico Energ\u00e9tico Integral \u00ae\",\"description\":\"La Kinesiolog\u00eda de la consciencia\",\"publisher\":{\"@id\":\"https:\/\/diagnosticoenergeticointegral.com\/#organization\"},\"potentialAction\":[{\"@type\":\"SearchAction\",\"target\":{\"@type\":\"EntryPoint\",\"urlTemplate\":\"https:\/\/diagnosticoenergeticointegral.com\/?s={search_term_string}\"},\"query-input\":{\"@type\":\"PropertyValueSpecification\",\"valueRequired\":true,\"valueName\":\"search_term_string\"}}],\"inLanguage\":\"en-US\"},{\"@type\":\"Organization\",\"@id\":\"https:\/\/diagnosticoenergeticointegral.com\/#organization\",\"name\":\"Diagn\u00f3stico Energ\u00e9tico Integral \u00ae\",\"url\":\"https:\/\/diagnosticoenergeticointegral.com\/\",\"logo\":{\"@type\":\"ImageObject\",\"inLanguage\":\"en-US\",\"@id\":\"https:\/\/diagnosticoenergeticointegral.com\/#\/schema\/logo\/image\/\",\"url\":\"https:\/\/diagnosticoenergeticointegral.com\/wp-content\/uploads\/2025\/05\/logo_DEI-removebg-preview.png\",\"contentUrl\":\"https:\/\/diagnosticoenergeticointegral.com\/wp-content\/uploads\/2025\/05\/logo_DEI-removebg-preview.png\",\"width\":497,\"height\":502,\"caption\":\"Diagn\u00f3stico Energ\u00e9tico Integral \u00ae\"},\"image\":{\"@id\":\"https:\/\/diagnosticoenergeticointegral.com\/#\/schema\/logo\/image\/\"}}]}<\/script>\n<!-- \/ Yoast SEO plugin. -->","yoast_head_json":{"title":"Cat\u00e1logo - Diagn\u00f3stico Energ\u00e9tico Integral \u00ae","robots":{"index":"index","follow":"follow","max-snippet":"max-snippet:-1","max-image-preview":"max-image-preview:large","max-video-preview":"max-video-preview:-1"},"canonical":"https:\/\/diagnosticoenergeticointegral.com\/?page_id=152","og_locale":"en_US","og_type":"article","og_title":"Cat\u00e1logo - Diagn\u00f3stico Energ\u00e9tico Integral \u00ae","og_description":"Para hacer pedidos nos puedes contactar por redes sociales o por nuestro correo elect\u00f3nico al final del cat\u00e1logo.","og_url":"https:\/\/diagnosticoenergeticointegral.com\/?page_id=152","og_site_name":"Diagn\u00f3stico Energ\u00e9tico Integral \u00ae","article_modified_time":"2025-06-26T20:12:17+00:00","og_image":[{"width":1024,"height":512,"url":"https:\/\/diagnosticoenergeticointegral.com\/wp-content\/uploads\/2025\/05\/Diseno-sin-titulo-32-1024x512.png","type":"image\/png"}],"twitter_card":"summary_large_image","twitter_misc":{"Est. reading time":"1 minute"},"schema":{"@context":"https:\/\/schema.org","@graph":[{"@type":"WebPage","@id":"https:\/\/diagnosticoenergeticointegral.com\/?page_id=152","url":"https:\/\/diagnosticoenergeticointegral.com\/?page_id=152","name":"Cat\u00e1logo - Diagn\u00f3stico Energ\u00e9tico Integral \u00ae","isPartOf":{"@id":"https:\/\/diagnosticoenergeticointegral.com\/#website"},"primaryImageOfPage":{"@id":"https:\/\/diagnosticoenergeticointegral.com\/?page_id=152#primaryimage"},"image":{"@id":"https:\/\/diagnosticoenergeticointegral.com\/?page_id=152#primaryimage"},"thumbnailUrl":"https:\/\/diagnosticoenergeticointegral.com\/wp-content\/uploads\/2025\/05\/Diseno-sin-titulo-32-1024x512.png","datePublished":"2025-05-26T02:11:56+00:00","dateModified":"2025-06-26T20:12:17+00:00","breadcrumb":{"@id":"https:\/\/diagnosticoenergeticointegral.com\/?page_id=152#breadcrumb"},"inLanguage":"en-US","potentialAction":[{"@type":"ReadAction","target":["https:\/\/diagnosticoenergeticointegral.com\/?page_id=152"]}]},{"@type":"ImageObject","inLanguage":"en-US","@id":"https:\/\/diagnosticoenergeticointegral.com\/?page_id=152#primaryimage","url":"https:\/\/diagnosticoenergeticointegral.com\/wp-content\/uploads\/2025\/05\/Diseno-sin-titulo-32-scaled.png","contentUrl":"https:\/\/diagnosticoenergeticointegral.com\/wp-content\/uploads\/2025\/05\/Diseno-sin-titulo-32-scaled.png","width":2560,"height":1280},{"@type":"BreadcrumbList","@id":"https:\/\/diagnosticoenergeticointegral.com\/?page_id=152#breadcrumb","itemListElement":[{"@type":"ListItem","position":1,"name":"Home","item":"https:\/\/diagnosticoenergeticointegral.com\/"},{"@type":"ListItem","position":2,"name":"Cat\u00e1logo"}]},{"@type":"WebSite","@id":"https:\/\/diagnosticoenergeticointegral.com\/#website","url":"https:\/\/diagnosticoenergeticointegral.com\/","name":"Diagn\u00f3stico Energ\u00e9tico Integral \u00ae","description":"La Kinesiolog\u00eda de la consciencia","publisher":{"@id":"https:\/\/diagnosticoenergeticointegral.com\/#organization"},"potentialAction":[{"@type":"SearchAction","target":{"@type":"EntryPoint","urlTemplate":"https:\/\/diagnosticoenergeticointegral.com\/?s={search_term_string}"},"query-input":{"@type":"PropertyValueSpecification","valueRequired":true,"valueName":"search_term_string"}}],"inLanguage":"en-US"},{"@type":"Organization","@id":"https:\/\/diagnosticoenergeticointegral.com\/#organization","name":"Diagn\u00f3stico Energ\u00e9tico Integral \u00ae","url":"https:\/\/diagnosticoenergeticointegral.com\/","logo":{"@type":"ImageObject","inLanguage":"en-US","@id":"https:\/\/diagnosticoenergeticointegral.com\/#\/schema\/logo\/image\/","url":"https:\/\/diagnosticoenergeticointegral.com\/wp-content\/uploads\/2025\/05\/logo_DEI-removebg-preview.png","contentUrl":"https:\/\/diagnosticoenergeticointegral.com\/wp-content\/uploads\/2025\/05\/logo_DEI-removebg-preview.png","width":497,"height":502,"caption":"Diagn\u00f3stico Energ\u00e9tico Integral \u00ae"},"image":{"@id":"https:\/\/diagnosticoenergeticointegral.com\/#\/schema\/logo\/image\/"}}]}},"_links":{"self":[{"href":"https:\/\/diagnosticoenergeticointegral.com\/index.php?rest_route=\/wp\/v2\/pages\/152","targetHints":{"allow":["GET"]}}],"collection":[{"href":"https:\/\/diagnosticoenergeticointegral.com\/index.php?rest_route=\/wp\/v2\/pages"}],"about":[{"href":"https:\/\/diagnosticoenergeticointegral.com\/index.php?rest_route=\/wp\/v2\/types\/page"}],"author":[{"embeddable":true,"href":"https:\/\/diagnosticoenergeticointegral.com\/index.php?rest_route=\/wp\/v2\/users\/1"}],"replies":[{"embeddable":true,"href":"https:\/\/diagnosticoenergeticointegral.com\/index.php?rest_route=%2Fwp%2Fv2%2Fcomments&post=152"}],"version-history":[{"count":3,"href":"https:\/\/diagnosticoenergeticointegral.com\/index.php?rest_route=\/wp\/v2\/pages\/152\/revisions"}],"predecessor-version":[{"id":213,"href":"https:\/\/diagnosticoenergeticointegral.com\/index.php?rest_route=\/wp\/v2\/pages\/152\/revisions\/213"}],"wp:attachment":[{"href":"https:\/\/diagnosticoenergeticointegral.com\/index.php?rest_route=%2Fwp%2Fv2%2Fmedia&parent=152"}],"curies":[{"name":"wp","href":"https:\/\/api.w.org\/{rel}","templated":true}]}}