{"id":2,"date":"2025-05-16T22:48:45","date_gmt":"2025-05-16T22:48:45","guid":{"rendered":"https:\/\/diagnosticoenergeticointegral.com\/?page_id=2"},"modified":"2025-06-26T20:50:36","modified_gmt":"2025-06-26T20:50:36","slug":"sample-page","status":"publish","type":"page","link":"https:\/\/diagnosticoenergeticointegral.com\/?page_id=2","title":{"rendered":"\u00bfQu\u00e9 es DEI\u00ae?"},"content":{"rendered":"<h4 class=\"wp-block-heading\">D.E.I. Diagn\u00f3stico Energ\u00e9tico Integral\u00ae<br>La kinesiolog\u00eda de la Conciencia<\/h4><p>Es la primer kinesiolog\u00eda latinoamericana, es una herramienta de diagn\u00f3stico y tratamiento, que nos permite detectar las desarmon\u00edas que afectan el equilibrio de nuestro biosistema.<\/p><p>Es un conocimiento interdisciplinario que potencia el efecto de otras terapias, genera un campo de investigaci\u00f3n y aporta desde su estructura operativa a optimizar el abordaje de diferentes t\u00e9cnicas terap\u00e9uticas.<\/p><p>D.E.I. Diagn\u00f3stico Energ\u00e9tico Integral\u00ae es un hilo conductor que enlaza diferentes disciplinas a fin de potenciar el desarrollo humano en su proceso evolutivo. El protocolo de trabajo es un eje alrededor del que se organizan y priorizan los factores restaurativos de la identidad de un individuo como un organismo completo.<\/p><p>Es una propuesta integradora ante la conflictiva de fragmentaci\u00f3n del ser humano en sus emprendimientos de car\u00e1cter anal\u00edtico, cultural, social y cient\u00edfico.<\/p><div class=\"wp-block-cover alignfull has-parallax\" style=\"padding-top:var(--wp--preset--spacing--50);padding-right:var(--wp--preset--spacing--50);padding-bottom:var(--wp--preset--spacing--50);padding-left:var(--wp--preset--spacing--50);min-height:100vh;aspect-ratio:unset;\"><div class=\"wp-block-cover__image-background wp-image-20 size-large has-parallax\" style=\"background-position:50% 50%;background-image:url(https:\/\/diagnosticoenergeticointegral.com\/wp-content\/uploads\/2025\/05\/IMG_3247-1024x683.jpg)\"><\/div><span aria-hidden=\"true\" class=\"wp-block-cover__background has-base-background-color has-background-dim-0 has-background-dim\"><\/span><div class=\"wp-block-cover__inner-container has-global-padding is-layout-constrained wp-container-core-cover-is-layout-e4fd886c wp-block-cover-is-layout-constrained\"><h1 class=\"wp-block-heading alignwide\"><em><br><\/em><mark style=\"background-color:rgba(0, 0, 0, 0)\" class=\"has-inline-color has-base-2-color\"><em>\u201c<\/em> De nuestra conciencia depende nuestra salud. Las emociones generan cambios instant\u00e1neos en nuestra existencia corporal.\u201d<\/mark><\/h1>\n\n<h4 class=\"wp-block-heading alignwide\"><mark style=\"background-color:rgba(0, 0, 0, 0)\" class=\"has-inline-color has-base-2-color\">-Elsa Noemi Am-<\/mark><\/h4><\/div><\/div><div style=\"height:53px\" aria-hidden=\"true\" class=\"wp-block-spacer\"><\/div><h4 class=\"wp-block-heading\">Aportes del D.E.I. a otras disciplinas<\/h4><p>El conocimiento del D.E.I. Diagn\u00f3stico Energ\u00e9tico Integral\u00ae como eje funcional para abordar m\u00e9todos de salud preventiva y terapias complementarias, consiste en la potenciaci\u00f3n que genera su enfoque integral, sistem\u00e1tico y ordenado.<\/p><p>D.E.I. Diagn\u00f3stico Energ\u00e9tico Integral\u00ae est\u00e1 bajo la direcci\u00f3n de su fundadora Elsa Noem\u00ed Am quien explica en una entrevista:<\/p><p>\u201cSi consideramos al ser humano como un conjunto de partes ensambladas, como si de una m\u00e1quina se tratara, los resultados de los tratamiento ser\u00e1n limitados. Los terapeutas, frecuentemente, son formados en disciplinas mecanicistas, lo que limita el alcance de su terapia. Ese viejo paradigma te induce a excluir, cuando vas a elegir una forma de intervenci\u00f3n. D.E.I. te lleva a romper con esas exclusiones, con ese \u201cesto o lo otro\u201d, \u201cel cuerpo o la mente\u00bb\u2026 D.E.I .es inclusivo, racional y abierto. Una disciplina integradora de las ciencias naturales y las terapias complementarias\u00bb<\/p><h4 class=\"wp-block-heading\">Disciplinas que se benefician con la incorporaci\u00f3n de D.E.I. Diagn\u00f3stico Energ\u00e9tico Integral\u00ae a sus campos de conocimiento:<\/h4><ul class=\"wp-block-list\"><li>Terapeutas Florales<\/li>\n\n<li>M\u00e9dicos<\/li>\n\n<li>Terapeutas del campo corporal: Psicolog\u00eda corporal, Esferodinamia, Terapia Cr\u00e1neo sacral, Terapias del movimiento<\/li>\n\n<li>Psicoterapeutas en el campo Transpersonal o Human\u00edstico.<\/li>\n\n<li>Psicoterapeutas Sist\u00e9micos.<\/li>\n\n<li>Kinesi\u00f3logos<\/li>\n\n<li>Terapeutas de Medicina Tradicional China.<\/li>\n\n<li>Terapeutas de Medicina Ayurveda.<\/li>\n\n<li>Terapeutas de Medicina Tradicional Americana.<\/li>\n\n<li>Profesores de Yoga.<\/li>\n\n<li>Instructores de Pilates.<\/li>\n\n<li>Practicantes de disciplinas manuales: Masaje, Quiropraxia, Osteopat\u00eda<\/li>\n\n<li>Terapias con recurso al arte: Arteterapia , Musicoterapia, Terapia del sonido, Psicodrama, Discurso del cuerpo, Expresi\u00f3n corporal con orientaci\u00f3n terap\u00e9utica.<\/li><\/ul><p>D.E.I. Diagn\u00f3stico Energ\u00e9tico Integral\u00ae \u201cLa Kinesiolog\u00eda de la Conciencia\u201d en su marco terap\u00e9utico, es la fusi\u00f3n del enfoque biof\u00edsico del Dr. Wilhelm Reich y la Kinesiolog\u00eda Hol\u00edstica.<\/p><p>Mediante su protocolo de trabajo, D.E.I. Diagn\u00f3stico Energ\u00e9tico Integral\u00ae, nos ayuda a reconocer eventos irresueltos en diferentes niveles del biosistema.<\/p><p>En ocasiones, la soluci\u00f3n al conflicto vendr\u00e1 de la mano de esencias florales, de elixires de gemas, de una t\u00e9cnica corporal u otra terap\u00e9utica. En otras oportunidades, la incorporaci\u00f3n de un alimento adecuado a la dieta, la necesidad de un mineral, una vitamina o un insight revelador acerca de los patrones de aprendizaje de vida, ser\u00e1n la correcci\u00f3n requerida por el cuerpo.<\/p><p>Los terapeutas D.E.I. Diagn\u00f3stico Energ\u00e9tico Integral\u00ae son una verdadera caja de herramientas donde el paciente selecciona qu\u00e9 recurso es el m\u00e1s efectivo para resolver su conflicto. De esta manera se cumple el prop\u00f3sito fundamental de las terapias hol\u00edsticas que es acompa\u00f1ar al paciente en su proceso de sanaci\u00f3n.<\/p><div class=\"brz-root__container\">\u00a0<\/div><figure class=\"wp-block-embed alignwide is-type-video is-provider-youtube wp-block-embed-youtube wp-embed-aspect-16-9 wp-has-aspect-ratio\"><div class=\"wp-block-embed__wrapper\">\n<iframe loading=\"lazy\" title=\"Que es DEI\" width=\"500\" height=\"281\" src=\"https:\/\/www.youtube.com\/embed\/tOx6T6029iM?feature=oembed\" frameborder=\"0\" allow=\"accelerometer; autoplay; clipboard-write; encrypted-media; gyroscope; picture-in-picture; web-share\" referrerpolicy=\"strict-origin-when-cross-origin\" allowfullscreen><\/iframe>\n<\/div><\/figure><div style=\"height:121px\" aria-hidden=\"true\" class=\"wp-block-spacer\"><\/div>","protected":false},"excerpt":{"rendered":"<p>D.E.I. Diagn\u00f3stico Energ\u00e9tico Integral\u00aeLa kinesiolog\u00eda de la Conciencia Es la primer kinesiolog\u00eda latinoamericana, es una herramienta de diagn\u00f3stico y tratamiento, que nos permite detectar las desarmon\u00edas que afectan el equilibrio de nuestro biosistema. Es un conocimiento interdisciplinario que potencia el efecto de otras terapias, genera un campo de investigaci\u00f3n y aporta desde su estructura operativa [&hellip;]<\/p>\n","protected":false},"author":1,"featured_media":0,"parent":0,"menu_order":0,"comment_status":"closed","ping_status":"open","template":"brizy-blank-template.php","meta":{"footnotes":""},"class_list":["post-2","page","type-page","status-publish","hentry"],"yoast_head":"<!-- This site is optimized with the Yoast SEO plugin v25.1 - https:\/\/yoast.com\/wordpress\/plugins\/seo\/ -->\n<title>\u00bfQu\u00e9 es DEI\u00ae? - Diagn\u00f3stico Energ\u00e9tico Integral \u00ae<\/title>\n<meta name=\"description\" content=\"Es la primer kinesiolog\u00eda latinoamericana, es una herramienta de diagn\u00f3stico y tratamiento, que nos permite detectar las desarmon\u00edas que afectan el equilibrio de nuestro biosistema.\" \/>\n<meta name=\"robots\" content=\"index, follow, max-snippet:-1, max-image-preview:large, max-video-preview:-1\" \/>\n<link rel=\"canonical\" href=\"https:\/\/diagnosticoenergeticointegral.com\/?page_id=2\" \/>\n<meta property=\"og:locale\" content=\"en_US\" \/>\n<meta property=\"og:type\" content=\"article\" \/>\n<meta property=\"og:title\" content=\"\u00bfQu\u00e9 es DEI\u00ae? - Diagn\u00f3stico Energ\u00e9tico Integral \u00ae\" \/>\n<meta property=\"og:description\" content=\"Es la primer kinesiolog\u00eda latinoamericana, es una herramienta de diagn\u00f3stico y tratamiento, que nos permite detectar las desarmon\u00edas que afectan el equilibrio de nuestro biosistema.\" \/>\n<meta property=\"og:url\" content=\"https:\/\/diagnosticoenergeticointegral.com\/?page_id=2\" \/>\n<meta property=\"og:site_name\" content=\"Diagn\u00f3stico Energ\u00e9tico Integral \u00ae\" \/>\n<meta property=\"article:modified_time\" content=\"2025-06-26T20:50:36+00:00\" \/>\n<meta name=\"twitter:card\" content=\"summary_large_image\" \/>\n<meta name=\"twitter:label1\" content=\"Est. reading time\" \/>\n\t<meta name=\"twitter:data1\" content=\"3 minutes\" \/>\n<script type=\"application\/ld+json\" class=\"yoast-schema-graph\">{\"@context\":\"https:\/\/schema.org\",\"@graph\":[{\"@type\":\"WebPage\",\"@id\":\"https:\/\/diagnosticoenergeticointegral.com\/?page_id=2\",\"url\":\"https:\/\/diagnosticoenergeticointegral.com\/?page_id=2\",\"name\":\"\u00bfQu\u00e9 es DEI\u00ae? - Diagn\u00f3stico Energ\u00e9tico Integral \u00ae\",\"isPartOf\":{\"@id\":\"https:\/\/diagnosticoenergeticointegral.com\/#website\"},\"datePublished\":\"2025-05-16T22:48:45+00:00\",\"dateModified\":\"2025-06-26T20:50:36+00:00\",\"description\":\"Es la primer kinesiolog\u00eda latinoamericana, es una herramienta de diagn\u00f3stico y tratamiento, que nos permite detectar las desarmon\u00edas que afectan el equilibrio de nuestro biosistema.\",\"breadcrumb\":{\"@id\":\"https:\/\/diagnosticoenergeticointegral.com\/?page_id=2#breadcrumb\"},\"inLanguage\":\"en-US\",\"potentialAction\":[{\"@type\":\"ReadAction\",\"target\":[\"https:\/\/diagnosticoenergeticointegral.com\/?page_id=2\"]}]},{\"@type\":\"BreadcrumbList\",\"@id\":\"https:\/\/diagnosticoenergeticointegral.com\/?page_id=2#breadcrumb\",\"itemListElement\":[{\"@type\":\"ListItem\",\"position\":1,\"name\":\"Home\",\"item\":\"https:\/\/diagnosticoenergeticointegral.com\/\"},{\"@type\":\"ListItem\",\"position\":2,\"name\":\"\u00bfQu\u00e9 es DEI\u00ae?\"}]},{\"@type\":\"WebSite\",\"@id\":\"https:\/\/diagnosticoenergeticointegral.com\/#website\",\"url\":\"https:\/\/diagnosticoenergeticointegral.com\/\",\"name\":\"Diagn\u00f3stico Energ\u00e9tico Integral \u00ae\",\"description\":\"La Kinesiolog\u00eda de la consciencia\",\"publisher\":{\"@id\":\"https:\/\/diagnosticoenergeticointegral.com\/#organization\"},\"potentialAction\":[{\"@type\":\"SearchAction\",\"target\":{\"@type\":\"EntryPoint\",\"urlTemplate\":\"https:\/\/diagnosticoenergeticointegral.com\/?s={search_term_string}\"},\"query-input\":{\"@type\":\"PropertyValueSpecification\",\"valueRequired\":true,\"valueName\":\"search_term_string\"}}],\"inLanguage\":\"en-US\"},{\"@type\":\"Organization\",\"@id\":\"https:\/\/diagnosticoenergeticointegral.com\/#organization\",\"name\":\"Diagn\u00f3stico Energ\u00e9tico Integral \u00ae\",\"url\":\"https:\/\/diagnosticoenergeticointegral.com\/\",\"logo\":{\"@type\":\"ImageObject\",\"inLanguage\":\"en-US\",\"@id\":\"https:\/\/diagnosticoenergeticointegral.com\/#\/schema\/logo\/image\/\",\"url\":\"https:\/\/diagnosticoenergeticointegral.com\/wp-content\/uploads\/2025\/05\/logo_DEI-removebg-preview.png\",\"contentUrl\":\"https:\/\/diagnosticoenergeticointegral.com\/wp-content\/uploads\/2025\/05\/logo_DEI-removebg-preview.png\",\"width\":497,\"height\":502,\"caption\":\"Diagn\u00f3stico Energ\u00e9tico Integral \u00ae\"},\"image\":{\"@id\":\"https:\/\/diagnosticoenergeticointegral.com\/#\/schema\/logo\/image\/\"}}]}<\/script>\n<!-- \/ Yoast SEO plugin. -->","yoast_head_json":{"title":"\u00bfQu\u00e9 es DEI\u00ae? - Diagn\u00f3stico Energ\u00e9tico Integral \u00ae","description":"Es la primer kinesiolog\u00eda latinoamericana, es una herramienta de diagn\u00f3stico y tratamiento, que nos permite detectar las desarmon\u00edas que afectan el equilibrio de nuestro biosistema.","robots":{"index":"index","follow":"follow","max-snippet":"max-snippet:-1","max-image-preview":"max-image-preview:large","max-video-preview":"max-video-preview:-1"},"canonical":"https:\/\/diagnosticoenergeticointegral.com\/?page_id=2","og_locale":"en_US","og_type":"article","og_title":"\u00bfQu\u00e9 es DEI\u00ae? - Diagn\u00f3stico Energ\u00e9tico Integral \u00ae","og_description":"Es la primer kinesiolog\u00eda latinoamericana, es una herramienta de diagn\u00f3stico y tratamiento, que nos permite detectar las desarmon\u00edas que afectan el equilibrio de nuestro biosistema.","og_url":"https:\/\/diagnosticoenergeticointegral.com\/?page_id=2","og_site_name":"Diagn\u00f3stico Energ\u00e9tico Integral \u00ae","article_modified_time":"2025-06-26T20:50:36+00:00","twitter_card":"summary_large_image","twitter_misc":{"Est. reading time":"3 minutes"},"schema":{"@context":"https:\/\/schema.org","@graph":[{"@type":"WebPage","@id":"https:\/\/diagnosticoenergeticointegral.com\/?page_id=2","url":"https:\/\/diagnosticoenergeticointegral.com\/?page_id=2","name":"\u00bfQu\u00e9 es DEI\u00ae? - Diagn\u00f3stico Energ\u00e9tico Integral \u00ae","isPartOf":{"@id":"https:\/\/diagnosticoenergeticointegral.com\/#website"},"datePublished":"2025-05-16T22:48:45+00:00","dateModified":"2025-06-26T20:50:36+00:00","description":"Es la primer kinesiolog\u00eda latinoamericana, es una herramienta de diagn\u00f3stico y tratamiento, que nos permite detectar las desarmon\u00edas que afectan el equilibrio de nuestro biosistema.","breadcrumb":{"@id":"https:\/\/diagnosticoenergeticointegral.com\/?page_id=2#breadcrumb"},"inLanguage":"en-US","potentialAction":[{"@type":"ReadAction","target":["https:\/\/diagnosticoenergeticointegral.com\/?page_id=2"]}]},{"@type":"BreadcrumbList","@id":"https:\/\/diagnosticoenergeticointegral.com\/?page_id=2#breadcrumb","itemListElement":[{"@type":"ListItem","position":1,"name":"Home","item":"https:\/\/diagnosticoenergeticointegral.com\/"},{"@type":"ListItem","position":2,"name":"\u00bfQu\u00e9 es DEI\u00ae?"}]},{"@type":"WebSite","@id":"https:\/\/diagnosticoenergeticointegral.com\/#website","url":"https:\/\/diagnosticoenergeticointegral.com\/","name":"Diagn\u00f3stico Energ\u00e9tico Integral \u00ae","description":"La Kinesiolog\u00eda de la consciencia","publisher":{"@id":"https:\/\/diagnosticoenergeticointegral.com\/#organization"},"potentialAction":[{"@type":"SearchAction","target":{"@type":"EntryPoint","urlTemplate":"https:\/\/diagnosticoenergeticointegral.com\/?s={search_term_string}"},"query-input":{"@type":"PropertyValueSpecification","valueRequired":true,"valueName":"search_term_string"}}],"inLanguage":"en-US"},{"@type":"Organization","@id":"https:\/\/diagnosticoenergeticointegral.com\/#organization","name":"Diagn\u00f3stico Energ\u00e9tico Integral \u00ae","url":"https:\/\/diagnosticoenergeticointegral.com\/","logo":{"@type":"ImageObject","inLanguage":"en-US","@id":"https:\/\/diagnosticoenergeticointegral.com\/#\/schema\/logo\/image\/","url":"https:\/\/diagnosticoenergeticointegral.com\/wp-content\/uploads\/2025\/05\/logo_DEI-removebg-preview.png","contentUrl":"https:\/\/diagnosticoenergeticointegral.com\/wp-content\/uploads\/2025\/05\/logo_DEI-removebg-preview.png","width":497,"height":502,"caption":"Diagn\u00f3stico Energ\u00e9tico Integral \u00ae"},"image":{"@id":"https:\/\/diagnosticoenergeticointegral.com\/#\/schema\/logo\/image\/"}}]}},"_links":{"self":[{"href":"https:\/\/diagnosticoenergeticointegral.com\/index.php?rest_route=\/wp\/v2\/pages\/2","targetHints":{"allow":["GET"]}}],"collection":[{"href":"https:\/\/diagnosticoenergeticointegral.com\/index.php?rest_route=\/wp\/v2\/pages"}],"about":[{"href":"https:\/\/diagnosticoenergeticointegral.com\/index.php?rest_route=\/wp\/v2\/types\/page"}],"author":[{"embeddable":true,"href":"https:\/\/diagnosticoenergeticointegral.com\/index.php?rest_route=\/wp\/v2\/users\/1"}],"replies":[{"embeddable":true,"href":"https:\/\/diagnosticoenergeticointegral.com\/index.php?rest_route=%2Fwp%2Fv2%2Fcomments&post=2"}],"version-history":[{"count":5,"href":"https:\/\/diagnosticoenergeticointegral.com\/index.php?rest_route=\/wp\/v2\/pages\/2\/revisions"}],"predecessor-version":[{"id":231,"href":"https:\/\/diagnosticoenergeticointegral.com\/index.php?rest_route=\/wp\/v2\/pages\/2\/revisions\/231"}],"wp:attachment":[{"href":"https:\/\/diagnosticoenergeticointegral.com\/index.php?rest_route=%2Fwp%2Fv2%2Fmedia&parent=2"}],"curies":[{"name":"wp","href":"https:\/\/api.w.org\/{rel}","templated":true}]}}