{"id":53,"date":"2025-05-17T19:56:45","date_gmt":"2025-05-17T19:56:45","guid":{"rendered":"https:\/\/diagnosticoenergeticointegral.com\/?page_id=53"},"modified":"2025-06-26T20:59:59","modified_gmt":"2025-06-26T20:59:59","slug":"revista-viento-solar","status":"publish","type":"page","link":"https:\/\/diagnosticoenergeticointegral.com\/?page_id=53","title":{"rendered":"Revista Viento Solar"},"content":{"rendered":"<figure class=\"wp-block-video alignwide\"><video height=\"1080\" style=\"aspect-ratio: 1920 \/ 1080;\" width=\"1920\" controls src=\"https:\/\/diagnosticoenergeticointegral.com\/wp-content\/uploads\/2025\/05\/My-Video.mp4\"><\/video><\/figure><div class=\"wp-block-buttons alignwide is-content-justification-center is-layout-flex wp-container-core-buttons-is-layout-a89b3969 wp-block-buttons-is-layout-flex\"><div class=\"wp-block-button\"><a class=\"wp-block-button__link wp-element-button\" href=\"https:\/\/diagnosticoenergeticointegraldei.blogspot.com\/search\/label\/Revista%20Viento%20Solar\">HAZ CLICK AQU\u00cd PARA ACCEDER A NUESTRA REVISTA<\/a><\/div><\/div><div style=\"height:158px\" aria-hidden=\"true\" class=\"wp-block-spacer\"><\/div>","protected":false},"excerpt":{"rendered":"","protected":false},"author":1,"featured_media":0,"parent":0,"menu_order":0,"comment_status":"closed","ping_status":"closed","template":"","meta":{"footnotes":""},"class_list":["post-53","page","type-page","status-publish","hentry"],"yoast_head":"<!-- This site is optimized with the Yoast SEO plugin v25.1 - https:\/\/yoast.com\/wordpress\/plugins\/seo\/ -->\n<title>Revista Viento Solar - Diagn\u00f3stico Energ\u00e9tico Integral \u00ae<\/title>\n<meta name=\"description\" content=\"Nuestra Revista Viento Solar es un portal para compartir art\u00edculos y noticias sobre la actualidad, la medicina complementaria y nuestra terapia DEI Diagn\u00f3stico Energ\u00e9tico Integral\u00ae\" \/>\n<meta name=\"robots\" content=\"index, follow, max-snippet:-1, max-image-preview:large, max-video-preview:-1\" \/>\n<link rel=\"canonical\" href=\"https:\/\/diagnosticoenergeticointegral.com\/?page_id=53\" \/>\n<meta property=\"og:locale\" content=\"en_US\" \/>\n<meta property=\"og:type\" content=\"article\" \/>\n<meta property=\"og:title\" content=\"Revista Viento Solar - Diagn\u00f3stico Energ\u00e9tico Integral \u00ae\" \/>\n<meta property=\"og:description\" content=\"Nuestra Revista Viento Solar es un portal para compartir art\u00edculos y noticias sobre la actualidad, la medicina complementaria y nuestra terapia DEI Diagn\u00f3stico Energ\u00e9tico Integral\u00ae\" \/>\n<meta property=\"og:url\" content=\"https:\/\/diagnosticoenergeticointegral.com\/?page_id=53\" \/>\n<meta property=\"og:site_name\" content=\"Diagn\u00f3stico Energ\u00e9tico Integral \u00ae\" \/>\n<meta property=\"article:modified_time\" content=\"2025-06-26T20:59:59+00:00\" \/>\n<meta name=\"twitter:card\" content=\"summary_large_image\" \/>\n<meta name=\"twitter:label1\" content=\"Est. reading time\" \/>\n\t<meta name=\"twitter:data1\" content=\"1 minute\" \/>\n<script type=\"application\/ld+json\" class=\"yoast-schema-graph\">{\"@context\":\"https:\/\/schema.org\",\"@graph\":[{\"@type\":\"WebPage\",\"@id\":\"https:\/\/diagnosticoenergeticointegral.com\/?page_id=53\",\"url\":\"https:\/\/diagnosticoenergeticointegral.com\/?page_id=53\",\"name\":\"Revista Viento Solar - Diagn\u00f3stico Energ\u00e9tico Integral \u00ae\",\"isPartOf\":{\"@id\":\"https:\/\/diagnosticoenergeticointegral.com\/#website\"},\"datePublished\":\"2025-05-17T19:56:45+00:00\",\"dateModified\":\"2025-06-26T20:59:59+00:00\",\"description\":\"Nuestra Revista Viento Solar es un portal para compartir art\u00edculos y noticias sobre la actualidad, la medicina complementaria y nuestra terapia DEI Diagn\u00f3stico Energ\u00e9tico Integral\u00ae\",\"breadcrumb\":{\"@id\":\"https:\/\/diagnosticoenergeticointegral.com\/?page_id=53#breadcrumb\"},\"inLanguage\":\"en-US\",\"potentialAction\":[{\"@type\":\"ReadAction\",\"target\":[\"https:\/\/diagnosticoenergeticointegral.com\/?page_id=53\"]}]},{\"@type\":\"BreadcrumbList\",\"@id\":\"https:\/\/diagnosticoenergeticointegral.com\/?page_id=53#breadcrumb\",\"itemListElement\":[{\"@type\":\"ListItem\",\"position\":1,\"name\":\"Home\",\"item\":\"https:\/\/diagnosticoenergeticointegral.com\/\"},{\"@type\":\"ListItem\",\"position\":2,\"name\":\"Revista Viento Solar\"}]},{\"@type\":\"WebSite\",\"@id\":\"https:\/\/diagnosticoenergeticointegral.com\/#website\",\"url\":\"https:\/\/diagnosticoenergeticointegral.com\/\",\"name\":\"Diagn\u00f3stico Energ\u00e9tico Integral \u00ae\",\"description\":\"La Kinesiolog\u00eda de la consciencia\",\"publisher\":{\"@id\":\"https:\/\/diagnosticoenergeticointegral.com\/#organization\"},\"potentialAction\":[{\"@type\":\"SearchAction\",\"target\":{\"@type\":\"EntryPoint\",\"urlTemplate\":\"https:\/\/diagnosticoenergeticointegral.com\/?s={search_term_string}\"},\"query-input\":{\"@type\":\"PropertyValueSpecification\",\"valueRequired\":true,\"valueName\":\"search_term_string\"}}],\"inLanguage\":\"en-US\"},{\"@type\":\"Organization\",\"@id\":\"https:\/\/diagnosticoenergeticointegral.com\/#organization\",\"name\":\"Diagn\u00f3stico Energ\u00e9tico Integral \u00ae\",\"url\":\"https:\/\/diagnosticoenergeticointegral.com\/\",\"logo\":{\"@type\":\"ImageObject\",\"inLanguage\":\"en-US\",\"@id\":\"https:\/\/diagnosticoenergeticointegral.com\/#\/schema\/logo\/image\/\",\"url\":\"https:\/\/diagnosticoenergeticointegral.com\/wp-content\/uploads\/2025\/05\/logo_DEI-removebg-preview.png\",\"contentUrl\":\"https:\/\/diagnosticoenergeticointegral.com\/wp-content\/uploads\/2025\/05\/logo_DEI-removebg-preview.png\",\"width\":497,\"height\":502,\"caption\":\"Diagn\u00f3stico Energ\u00e9tico Integral \u00ae\"},\"image\":{\"@id\":\"https:\/\/diagnosticoenergeticointegral.com\/#\/schema\/logo\/image\/\"}}]}<\/script>\n<!-- \/ Yoast SEO plugin. -->","yoast_head_json":{"title":"Revista Viento Solar - Diagn\u00f3stico Energ\u00e9tico Integral \u00ae","description":"Nuestra Revista Viento Solar es un portal para compartir art\u00edculos y noticias sobre la actualidad, la medicina complementaria y nuestra terapia DEI Diagn\u00f3stico Energ\u00e9tico Integral\u00ae","robots":{"index":"index","follow":"follow","max-snippet":"max-snippet:-1","max-image-preview":"max-image-preview:large","max-video-preview":"max-video-preview:-1"},"canonical":"https:\/\/diagnosticoenergeticointegral.com\/?page_id=53","og_locale":"en_US","og_type":"article","og_title":"Revista Viento Solar - Diagn\u00f3stico Energ\u00e9tico Integral \u00ae","og_description":"Nuestra Revista Viento Solar es un portal para compartir art\u00edculos y noticias sobre la actualidad, la medicina complementaria y nuestra terapia DEI Diagn\u00f3stico Energ\u00e9tico Integral\u00ae","og_url":"https:\/\/diagnosticoenergeticointegral.com\/?page_id=53","og_site_name":"Diagn\u00f3stico Energ\u00e9tico Integral \u00ae","article_modified_time":"2025-06-26T20:59:59+00:00","twitter_card":"summary_large_image","twitter_misc":{"Est. reading time":"1 minute"},"schema":{"@context":"https:\/\/schema.org","@graph":[{"@type":"WebPage","@id":"https:\/\/diagnosticoenergeticointegral.com\/?page_id=53","url":"https:\/\/diagnosticoenergeticointegral.com\/?page_id=53","name":"Revista Viento Solar - Diagn\u00f3stico Energ\u00e9tico Integral \u00ae","isPartOf":{"@id":"https:\/\/diagnosticoenergeticointegral.com\/#website"},"datePublished":"2025-05-17T19:56:45+00:00","dateModified":"2025-06-26T20:59:59+00:00","description":"Nuestra Revista Viento Solar es un portal para compartir art\u00edculos y noticias sobre la actualidad, la medicina complementaria y nuestra terapia DEI Diagn\u00f3stico Energ\u00e9tico Integral\u00ae","breadcrumb":{"@id":"https:\/\/diagnosticoenergeticointegral.com\/?page_id=53#breadcrumb"},"inLanguage":"en-US","potentialAction":[{"@type":"ReadAction","target":["https:\/\/diagnosticoenergeticointegral.com\/?page_id=53"]}]},{"@type":"BreadcrumbList","@id":"https:\/\/diagnosticoenergeticointegral.com\/?page_id=53#breadcrumb","itemListElement":[{"@type":"ListItem","position":1,"name":"Home","item":"https:\/\/diagnosticoenergeticointegral.com\/"},{"@type":"ListItem","position":2,"name":"Revista Viento Solar"}]},{"@type":"WebSite","@id":"https:\/\/diagnosticoenergeticointegral.com\/#website","url":"https:\/\/diagnosticoenergeticointegral.com\/","name":"Diagn\u00f3stico Energ\u00e9tico Integral \u00ae","description":"La Kinesiolog\u00eda de la consciencia","publisher":{"@id":"https:\/\/diagnosticoenergeticointegral.com\/#organization"},"potentialAction":[{"@type":"SearchAction","target":{"@type":"EntryPoint","urlTemplate":"https:\/\/diagnosticoenergeticointegral.com\/?s={search_term_string}"},"query-input":{"@type":"PropertyValueSpecification","valueRequired":true,"valueName":"search_term_string"}}],"inLanguage":"en-US"},{"@type":"Organization","@id":"https:\/\/diagnosticoenergeticointegral.com\/#organization","name":"Diagn\u00f3stico Energ\u00e9tico Integral \u00ae","url":"https:\/\/diagnosticoenergeticointegral.com\/","logo":{"@type":"ImageObject","inLanguage":"en-US","@id":"https:\/\/diagnosticoenergeticointegral.com\/#\/schema\/logo\/image\/","url":"https:\/\/diagnosticoenergeticointegral.com\/wp-content\/uploads\/2025\/05\/logo_DEI-removebg-preview.png","contentUrl":"https:\/\/diagnosticoenergeticointegral.com\/wp-content\/uploads\/2025\/05\/logo_DEI-removebg-preview.png","width":497,"height":502,"caption":"Diagn\u00f3stico Energ\u00e9tico Integral \u00ae"},"image":{"@id":"https:\/\/diagnosticoenergeticointegral.com\/#\/schema\/logo\/image\/"}}]}},"_links":{"self":[{"href":"https:\/\/diagnosticoenergeticointegral.com\/index.php?rest_route=\/wp\/v2\/pages\/53","targetHints":{"allow":["GET"]}}],"collection":[{"href":"https:\/\/diagnosticoenergeticointegral.com\/index.php?rest_route=\/wp\/v2\/pages"}],"about":[{"href":"https:\/\/diagnosticoenergeticointegral.com\/index.php?rest_route=\/wp\/v2\/types\/page"}],"author":[{"embeddable":true,"href":"https:\/\/diagnosticoenergeticointegral.com\/index.php?rest_route=\/wp\/v2\/users\/1"}],"replies":[{"embeddable":true,"href":"https:\/\/diagnosticoenergeticointegral.com\/index.php?rest_route=%2Fwp%2Fv2%2Fcomments&post=53"}],"version-history":[{"count":5,"href":"https:\/\/diagnosticoenergeticointegral.com\/index.php?rest_route=\/wp\/v2\/pages\/53\/revisions"}],"predecessor-version":[{"id":238,"href":"https:\/\/diagnosticoenergeticointegral.com\/index.php?rest_route=\/wp\/v2\/pages\/53\/revisions\/238"}],"wp:attachment":[{"href":"https:\/\/diagnosticoenergeticointegral.com\/index.php?rest_route=%2Fwp%2Fv2%2Fmedia&parent=53"}],"curies":[{"name":"wp","href":"https:\/\/api.w.org\/{rel}","templated":true}]}}