{"id":66,"date":"2025-05-26T01:11:36","date_gmt":"2025-05-26T01:11:36","guid":{"rendered":"https:\/\/diagnosticoenergeticointegral.com\/?page_id=66"},"modified":"2025-05-26T14:20:12","modified_gmt":"2025-05-26T14:20:12","slug":"consultorio","status":"publish","type":"page","link":"https:\/\/diagnosticoenergeticointegral.com\/?page_id=66","title":{"rendered":"Consultorio"},"content":{"rendered":"<div class=\"wp-block-group alignfull has-accent-background-color has-background has-global-padding is-layout-constrained wp-container-core-group-is-layout-669513ed wp-block-group-is-layout-constrained\" style=\"margin-top:0;margin-bottom:0;padding-top:var(--wp--preset--spacing--50);padding-right:var(--wp--preset--spacing--50);padding-bottom:var(--wp--preset--spacing--50);padding-left:var(--wp--preset--spacing--50)\"><div class=\"wp-block-columns alignwide is-layout-flex wp-container-core-columns-is-layout-1da03c2a wp-block-columns-is-layout-flex\"><div class=\"wp-block-column is-vertically-aligned-stretch is-layout-flow wp-block-column-is-layout-flow\" style=\"flex-basis:50%\"><div class=\"wp-block-group is-vertical is-content-justification-stretch is-layout-flex wp-container-core-group-is-layout-03ea0e6e wp-block-group-is-layout-flex\" style=\"min-height:100%\"><h1 class=\"wp-block-heading\">Nos encuentras en Vesta Studio, en el centro comercial Aleste.<\/h1>\n\n<div style=\"height:27px\" aria-hidden=\"true\" class=\"wp-block-spacer wp-container-content-8a389b04\"><\/div>\n\n<div class=\"wp-block-group has-global-padding is-content-justification-left is-layout-constrained wp-container-core-group-is-layout-9fe8ed88 wp-block-group-is-layout-constrained\"><p class=\"wp-container-content-0733e5d0\">Puedes visitar su p\u00e1gina web aqu\u00ed<\/p>\n\n<div class=\"wp-block-buttons is-layout-flex wp-block-buttons-is-layout-flex\"><div class=\"wp-block-button\"><a class=\"wp-block-button__link wp-element-button\" href=\"https:\/\/www.vestastudiocr.com\/\">Vesta Studio<\/a><\/div><\/div><\/div><\/div><\/div>\n\n<div class=\"wp-block-column is-vertically-aligned-center is-layout-flow wp-block-column-is-layout-flow\" style=\"flex-basis:50%\"><figure class=\"wp-block-image\"><img loading=\"lazy\" decoding=\"async\" width=\"500\" height=\"793\" src=\"https:\/\/diagnosticoenergeticointegral.com\/wp-content\/uploads\/2025\/05\/IMGP8997-1-2.jpg\" alt=\"\" class=\"wp-image-148\" srcset=\"https:\/\/diagnosticoenergeticointegral.com\/wp-content\/uploads\/2025\/05\/IMGP8997-1-2.jpg 500w, https:\/\/diagnosticoenergeticointegral.com\/wp-content\/uploads\/2025\/05\/IMGP8997-1-2-189x300.jpg 189w\" sizes=\"auto, (max-width: 500px) 100vw, 500px\" \/><\/figure><\/div><\/div><\/div><div class=\"wp-block-group alignfull has-base-background-color has-background has-global-padding is-layout-constrained wp-container-core-group-is-layout-d89aad35 wp-block-group-is-layout-constrained\" style=\"margin-top:0;margin-bottom:0;padding-top:var(--wp--preset--spacing--50);padding-right:var(--wp--preset--spacing--50);padding-bottom:var(--wp--preset--spacing--50);padding-left:var(--wp--preset--spacing--50)\"><div class=\"wp-block-columns alignwide is-layout-flex wp-container-core-columns-is-layout-549b0c86 wp-block-columns-is-layout-flex\"><div class=\"wp-block-column is-layout-flow wp-container-core-column-is-layout-119bc444 wp-block-column-is-layout-flow\" style=\"flex-basis:60%\"><p class=\"has-heading-font-family has-x-large-font-size\" style=\"line-height:1.2\">Nuestra consulta presencial y virtual con Elsa Noemi Am<\/p>\n\n<div class=\"wp-block-columns is-layout-flex wp-container-core-columns-is-layout-87beb0d0 wp-block-columns-is-layout-flex\"><div class=\"wp-block-column is-layout-flow wp-block-column-is-layout-flow\"><p class=\"wp-container-content-9cfa9a5a\">Cont\u00e1ctanos directamente a trav\u00e9s de nuestro n\u00famero telef\u00f3nico o correo electr\u00f3nico para agendar una entrevista directa con Elsa Noemi Am.<\/p><\/div>\n\n<div class=\"wp-block-column is-layout-flow wp-block-column-is-layout-flow\"><p>Una vez realizada la entrevista telef\u00f3nica, coordinaremos tu cita presencial o virtual.<\/p><\/div><\/div><\/div>\n\n<div class=\"wp-block-column has-global-padding is-content-justification-left is-layout-constrained wp-container-core-column-is-layout-4f15e8fe wp-block-column-is-layout-constrained\" style=\"flex-basis:40%\"><div style=\"height:121px\" aria-hidden=\"true\" class=\"wp-block-spacer\"><\/div>\n\n<h4 class=\"wp-block-heading\"><sub><sup><strong>Contacto:<\/strong><\/sup><\/sub><\/h4>\n\n<p><sub><sup>dei@diagnosticoenergeticointegral.com <\/sup><\/sub><\/p>\n\n<p><sub><sup>+506 70680930<\/sup><\/sub><\/p><\/div><\/div><\/div><div class=\"wp-block-group alignfull has-accent-5-background-color has-background has-global-padding is-layout-constrained wp-container-core-group-is-layout-d89aad35 wp-block-group-is-layout-constrained\" style=\"margin-top:0;margin-bottom:0;padding-top:var(--wp--preset--spacing--50);padding-right:var(--wp--preset--spacing--50);padding-bottom:var(--wp--preset--spacing--50);padding-left:var(--wp--preset--spacing--50)\"><div class=\"wp-block-columns alignwide is-layout-flex wp-container-core-columns-is-layout-1da03c2a wp-block-columns-is-layout-flex\"><div class=\"wp-block-column is-layout-flow wp-block-column-is-layout-flow\" style=\"flex-basis:40%\"><h2 class=\"wp-block-heading has-text-align-center\">Consulta en L\u00ednea<\/h2>\n\n<p class=\"has-text-align-center\">Nuestras ofertas de servicio se ajustan a tus necesidades. Si prefieres mantener tus sesiones terap\u00e9uticas desde la comodidad de tu hogar, puedes agendar con nosotros una consulta en l\u00ednea.<\/p>\n\n<p class=\"has-text-align-center\">\u00a1Te contamos como funciona!<\/p>\n\n<p class=\"has-text-align-center\"><sub><strong>Atenci\u00f3n: <\/strong>Agenda tu cita con la informaci\u00f3n de contacto actualizada que puedes encontrar en esta p\u00e1gina.<\/sub><\/p><\/div>\n\n<div class=\"wp-block-column is-vertically-aligned-center is-layout-flow wp-block-column-is-layout-flow\" style=\"flex-basis:60%\"><figure class=\"wp-block-embed is-type-video is-provider-youtube wp-block-embed-youtube wp-embed-aspect-4-3 wp-has-aspect-ratio\"><div class=\"wp-block-embed__wrapper\">\n<iframe loading=\"lazy\" title=\"C\u00f3mo funciona la consulta de Diagn\u00f3stico Energ\u00e9tico Integral\u00ae\ufe0f en formato virtual ?\" width=\"500\" height=\"375\" src=\"https:\/\/www.youtube.com\/embed\/kAjWpajU8pw?feature=oembed\" frameborder=\"0\" allow=\"accelerometer; autoplay; clipboard-write; encrypted-media; gyroscope; picture-in-picture; web-share\" referrerpolicy=\"strict-origin-when-cross-origin\" allowfullscreen><\/iframe>\n<\/div><\/figure><\/div><\/div><\/div><div class=\"wp-block-group alignfull has-global-padding is-layout-constrained wp-container-core-group-is-layout-d89aad35 wp-block-group-is-layout-constrained\" style=\"margin-top:0;margin-bottom:0;padding-top:var(--wp--preset--spacing--50);padding-right:var(--wp--preset--spacing--50);padding-bottom:var(--wp--preset--spacing--50);padding-left:var(--wp--preset--spacing--50)\"><h2 class=\"wp-block-heading alignwide\">Pol\u00edticas de Cancelaci\u00f3n<\/h2>\n\n<div class=\"wp-block-media-text alignwide is-stacked-on-mobile\"><figure class=\"wp-block-media-text__media\"><img loading=\"lazy\" decoding=\"async\" width=\"640\" height=\"480\" src=\"https:\/\/diagnosticoenergeticointegral.com\/wp-content\/uploads\/2025\/05\/glasses-1052010_1280-1.jpg\" alt=\"\" class=\"wp-image-72 size-full\" srcset=\"https:\/\/diagnosticoenergeticointegral.com\/wp-content\/uploads\/2025\/05\/glasses-1052010_1280-1.jpg 640w, https:\/\/diagnosticoenergeticointegral.com\/wp-content\/uploads\/2025\/05\/glasses-1052010_1280-1-300x225.jpg 300w, https:\/\/diagnosticoenergeticointegral.com\/wp-content\/uploads\/2025\/05\/glasses-1052010_1280-1-16x12.jpg 16w, https:\/\/diagnosticoenergeticointegral.com\/wp-content\/uploads\/2025\/05\/glasses-1052010_1280-1-600x450.jpg 600w\" sizes=\"auto, (max-width: 640px) 100vw, 640px\" \/><\/figure><div class=\"wp-block-media-text__content\"><h4 class=\"wp-block-heading\">Estimados pacientes :<\/h4>\n\n<p>Por la limitada disponibilidad de turnos, requerimos que las cancelaciones se notifiquen con 72 horas de anticipaci\u00f3n. De lo contrario, se aplicar\u00e1 un cargo del 50%. Cancelaciones con menos de 24 horas de aviso pagar\u00e1n el costo total de la sesi\u00f3n.<\/p><\/div><\/div><\/div>","protected":false},"excerpt":{"rendered":"<p>Nos encuentras en Vesta Studio, en el centro comercial Aleste. Puedes visitar su p\u00e1gina web aqu\u00ed Nuestra consulta presencial y virtual con Elsa Noemi Am Cont\u00e1ctanos directamente a trav\u00e9s de nuestro n\u00famero telef\u00f3nico o correo electr\u00f3nico para agendar una entrevista directa con Elsa Noemi Am. Una vez realizada la entrevista telef\u00f3nica, coordinaremos tu cita presencial [&hellip;]<\/p>\n","protected":false},"author":1,"featured_media":0,"parent":0,"menu_order":0,"comment_status":"closed","ping_status":"closed","template":"","meta":{"footnotes":""},"class_list":["post-66","page","type-page","status-publish","hentry"],"yoast_head":"<!-- This site is optimized with the Yoast SEO plugin v25.1 - https:\/\/yoast.com\/wordpress\/plugins\/seo\/ -->\n<title>Consultorio - Diagn\u00f3stico Energ\u00e9tico Integral \u00ae<\/title>\n<meta name=\"description\" content=\"Agenda una cita de DEI Diagn\u00f3stico Energ\u00e9tico Integral\u00ae r\u00e1pido y f\u00e1cil mediante la informaci\u00f3n proporcionada aqu\u00ed en nuestra p\u00e1gina web.\" \/>\n<meta name=\"robots\" content=\"index, follow, max-snippet:-1, max-image-preview:large, max-video-preview:-1\" \/>\n<link rel=\"canonical\" href=\"https:\/\/diagnosticoenergeticointegral.com\/?page_id=66\" \/>\n<meta property=\"og:locale\" content=\"en_US\" \/>\n<meta property=\"og:type\" content=\"article\" \/>\n<meta property=\"og:title\" content=\"Consultorio - Diagn\u00f3stico Energ\u00e9tico Integral \u00ae\" \/>\n<meta property=\"og:description\" content=\"Agenda una cita de DEI Diagn\u00f3stico Energ\u00e9tico Integral\u00ae r\u00e1pido y f\u00e1cil mediante la informaci\u00f3n proporcionada aqu\u00ed en nuestra p\u00e1gina web.\" \/>\n<meta property=\"og:url\" content=\"https:\/\/diagnosticoenergeticointegral.com\/?page_id=66\" \/>\n<meta property=\"og:site_name\" content=\"Diagn\u00f3stico Energ\u00e9tico Integral \u00ae\" \/>\n<meta property=\"article:modified_time\" content=\"2025-05-26T14:20:12+00:00\" \/>\n<meta property=\"og:image\" content=\"https:\/\/diagnosticoenergeticointegral.com\/wp-content\/uploads\/2025\/05\/IMGP8997-1-2.jpg\" \/>\n\t<meta property=\"og:image:width\" content=\"500\" \/>\n\t<meta property=\"og:image:height\" content=\"793\" \/>\n\t<meta property=\"og:image:type\" content=\"image\/jpeg\" \/>\n<meta name=\"twitter:card\" content=\"summary_large_image\" \/>\n<meta name=\"twitter:label1\" content=\"Est. reading time\" \/>\n\t<meta name=\"twitter:data1\" content=\"2 minutes\" \/>\n<script type=\"application\/ld+json\" class=\"yoast-schema-graph\">{\"@context\":\"https:\/\/schema.org\",\"@graph\":[{\"@type\":\"WebPage\",\"@id\":\"https:\/\/diagnosticoenergeticointegral.com\/?page_id=66\",\"url\":\"https:\/\/diagnosticoenergeticointegral.com\/?page_id=66\",\"name\":\"Consultorio - Diagn\u00f3stico Energ\u00e9tico Integral \u00ae\",\"isPartOf\":{\"@id\":\"https:\/\/diagnosticoenergeticointegral.com\/#website\"},\"primaryImageOfPage\":{\"@id\":\"https:\/\/diagnosticoenergeticointegral.com\/?page_id=66#primaryimage\"},\"image\":{\"@id\":\"https:\/\/diagnosticoenergeticointegral.com\/?page_id=66#primaryimage\"},\"thumbnailUrl\":\"https:\/\/diagnosticoenergeticointegral.com\/wp-content\/uploads\/2025\/05\/IMGP8997-1-2.jpg\",\"datePublished\":\"2025-05-26T01:11:36+00:00\",\"dateModified\":\"2025-05-26T14:20:12+00:00\",\"description\":\"Agenda una cita de DEI Diagn\u00f3stico Energ\u00e9tico Integral\u00ae r\u00e1pido y f\u00e1cil mediante la informaci\u00f3n proporcionada aqu\u00ed en nuestra p\u00e1gina web.\",\"breadcrumb\":{\"@id\":\"https:\/\/diagnosticoenergeticointegral.com\/?page_id=66#breadcrumb\"},\"inLanguage\":\"en-US\",\"potentialAction\":[{\"@type\":\"ReadAction\",\"target\":[\"https:\/\/diagnosticoenergeticointegral.com\/?page_id=66\"]}]},{\"@type\":\"ImageObject\",\"inLanguage\":\"en-US\",\"@id\":\"https:\/\/diagnosticoenergeticointegral.com\/?page_id=66#primaryimage\",\"url\":\"https:\/\/diagnosticoenergeticointegral.com\/wp-content\/uploads\/2025\/05\/IMGP8997-1-2.jpg\",\"contentUrl\":\"https:\/\/diagnosticoenergeticointegral.com\/wp-content\/uploads\/2025\/05\/IMGP8997-1-2.jpg\",\"width\":500,\"height\":793},{\"@type\":\"BreadcrumbList\",\"@id\":\"https:\/\/diagnosticoenergeticointegral.com\/?page_id=66#breadcrumb\",\"itemListElement\":[{\"@type\":\"ListItem\",\"position\":1,\"name\":\"Home\",\"item\":\"https:\/\/diagnosticoenergeticointegral.com\/\"},{\"@type\":\"ListItem\",\"position\":2,\"name\":\"Consultorio\"}]},{\"@type\":\"WebSite\",\"@id\":\"https:\/\/diagnosticoenergeticointegral.com\/#website\",\"url\":\"https:\/\/diagnosticoenergeticointegral.com\/\",\"name\":\"Diagn\u00f3stico Energ\u00e9tico Integral \u00ae\",\"description\":\"La Kinesiolog\u00eda de la consciencia\",\"publisher\":{\"@id\":\"https:\/\/diagnosticoenergeticointegral.com\/#organization\"},\"potentialAction\":[{\"@type\":\"SearchAction\",\"target\":{\"@type\":\"EntryPoint\",\"urlTemplate\":\"https:\/\/diagnosticoenergeticointegral.com\/?s={search_term_string}\"},\"query-input\":{\"@type\":\"PropertyValueSpecification\",\"valueRequired\":true,\"valueName\":\"search_term_string\"}}],\"inLanguage\":\"en-US\"},{\"@type\":\"Organization\",\"@id\":\"https:\/\/diagnosticoenergeticointegral.com\/#organization\",\"name\":\"Diagn\u00f3stico Energ\u00e9tico Integral \u00ae\",\"url\":\"https:\/\/diagnosticoenergeticointegral.com\/\",\"logo\":{\"@type\":\"ImageObject\",\"inLanguage\":\"en-US\",\"@id\":\"https:\/\/diagnosticoenergeticointegral.com\/#\/schema\/logo\/image\/\",\"url\":\"https:\/\/diagnosticoenergeticointegral.com\/wp-content\/uploads\/2025\/05\/logo_DEI-removebg-preview.png\",\"contentUrl\":\"https:\/\/diagnosticoenergeticointegral.com\/wp-content\/uploads\/2025\/05\/logo_DEI-removebg-preview.png\",\"width\":497,\"height\":502,\"caption\":\"Diagn\u00f3stico Energ\u00e9tico Integral \u00ae\"},\"image\":{\"@id\":\"https:\/\/diagnosticoenergeticointegral.com\/#\/schema\/logo\/image\/\"}}]}<\/script>\n<!-- \/ Yoast SEO plugin. -->","yoast_head_json":{"title":"Consultorio - Diagn\u00f3stico Energ\u00e9tico Integral \u00ae","description":"Agenda una cita de DEI Diagn\u00f3stico Energ\u00e9tico Integral\u00ae r\u00e1pido y f\u00e1cil mediante la informaci\u00f3n proporcionada aqu\u00ed en nuestra p\u00e1gina web.","robots":{"index":"index","follow":"follow","max-snippet":"max-snippet:-1","max-image-preview":"max-image-preview:large","max-video-preview":"max-video-preview:-1"},"canonical":"https:\/\/diagnosticoenergeticointegral.com\/?page_id=66","og_locale":"en_US","og_type":"article","og_title":"Consultorio - Diagn\u00f3stico Energ\u00e9tico Integral \u00ae","og_description":"Agenda una cita de DEI Diagn\u00f3stico Energ\u00e9tico Integral\u00ae r\u00e1pido y f\u00e1cil mediante la informaci\u00f3n proporcionada aqu\u00ed en nuestra p\u00e1gina web.","og_url":"https:\/\/diagnosticoenergeticointegral.com\/?page_id=66","og_site_name":"Diagn\u00f3stico Energ\u00e9tico Integral \u00ae","article_modified_time":"2025-05-26T14:20:12+00:00","og_image":[{"width":500,"height":793,"url":"https:\/\/diagnosticoenergeticointegral.com\/wp-content\/uploads\/2025\/05\/IMGP8997-1-2.jpg","type":"image\/jpeg"}],"twitter_card":"summary_large_image","twitter_misc":{"Est. reading time":"2 minutes"},"schema":{"@context":"https:\/\/schema.org","@graph":[{"@type":"WebPage","@id":"https:\/\/diagnosticoenergeticointegral.com\/?page_id=66","url":"https:\/\/diagnosticoenergeticointegral.com\/?page_id=66","name":"Consultorio - Diagn\u00f3stico Energ\u00e9tico Integral \u00ae","isPartOf":{"@id":"https:\/\/diagnosticoenergeticointegral.com\/#website"},"primaryImageOfPage":{"@id":"https:\/\/diagnosticoenergeticointegral.com\/?page_id=66#primaryimage"},"image":{"@id":"https:\/\/diagnosticoenergeticointegral.com\/?page_id=66#primaryimage"},"thumbnailUrl":"https:\/\/diagnosticoenergeticointegral.com\/wp-content\/uploads\/2025\/05\/IMGP8997-1-2.jpg","datePublished":"2025-05-26T01:11:36+00:00","dateModified":"2025-05-26T14:20:12+00:00","description":"Agenda una cita de DEI Diagn\u00f3stico Energ\u00e9tico Integral\u00ae r\u00e1pido y f\u00e1cil mediante la informaci\u00f3n proporcionada aqu\u00ed en nuestra p\u00e1gina web.","breadcrumb":{"@id":"https:\/\/diagnosticoenergeticointegral.com\/?page_id=66#breadcrumb"},"inLanguage":"en-US","potentialAction":[{"@type":"ReadAction","target":["https:\/\/diagnosticoenergeticointegral.com\/?page_id=66"]}]},{"@type":"ImageObject","inLanguage":"en-US","@id":"https:\/\/diagnosticoenergeticointegral.com\/?page_id=66#primaryimage","url":"https:\/\/diagnosticoenergeticointegral.com\/wp-content\/uploads\/2025\/05\/IMGP8997-1-2.jpg","contentUrl":"https:\/\/diagnosticoenergeticointegral.com\/wp-content\/uploads\/2025\/05\/IMGP8997-1-2.jpg","width":500,"height":793},{"@type":"BreadcrumbList","@id":"https:\/\/diagnosticoenergeticointegral.com\/?page_id=66#breadcrumb","itemListElement":[{"@type":"ListItem","position":1,"name":"Home","item":"https:\/\/diagnosticoenergeticointegral.com\/"},{"@type":"ListItem","position":2,"name":"Consultorio"}]},{"@type":"WebSite","@id":"https:\/\/diagnosticoenergeticointegral.com\/#website","url":"https:\/\/diagnosticoenergeticointegral.com\/","name":"Diagn\u00f3stico Energ\u00e9tico Integral \u00ae","description":"La Kinesiolog\u00eda de la consciencia","publisher":{"@id":"https:\/\/diagnosticoenergeticointegral.com\/#organization"},"potentialAction":[{"@type":"SearchAction","target":{"@type":"EntryPoint","urlTemplate":"https:\/\/diagnosticoenergeticointegral.com\/?s={search_term_string}"},"query-input":{"@type":"PropertyValueSpecification","valueRequired":true,"valueName":"search_term_string"}}],"inLanguage":"en-US"},{"@type":"Organization","@id":"https:\/\/diagnosticoenergeticointegral.com\/#organization","name":"Diagn\u00f3stico Energ\u00e9tico Integral \u00ae","url":"https:\/\/diagnosticoenergeticointegral.com\/","logo":{"@type":"ImageObject","inLanguage":"en-US","@id":"https:\/\/diagnosticoenergeticointegral.com\/#\/schema\/logo\/image\/","url":"https:\/\/diagnosticoenergeticointegral.com\/wp-content\/uploads\/2025\/05\/logo_DEI-removebg-preview.png","contentUrl":"https:\/\/diagnosticoenergeticointegral.com\/wp-content\/uploads\/2025\/05\/logo_DEI-removebg-preview.png","width":497,"height":502,"caption":"Diagn\u00f3stico Energ\u00e9tico Integral \u00ae"},"image":{"@id":"https:\/\/diagnosticoenergeticointegral.com\/#\/schema\/logo\/image\/"}}]}},"_links":{"self":[{"href":"https:\/\/diagnosticoenergeticointegral.com\/index.php?rest_route=\/wp\/v2\/pages\/66","targetHints":{"allow":["GET"]}}],"collection":[{"href":"https:\/\/diagnosticoenergeticointegral.com\/index.php?rest_route=\/wp\/v2\/pages"}],"about":[{"href":"https:\/\/diagnosticoenergeticointegral.com\/index.php?rest_route=\/wp\/v2\/types\/page"}],"author":[{"embeddable":true,"href":"https:\/\/diagnosticoenergeticointegral.com\/index.php?rest_route=\/wp\/v2\/users\/1"}],"replies":[{"embeddable":true,"href":"https:\/\/diagnosticoenergeticointegral.com\/index.php?rest_route=%2Fwp%2Fv2%2Fcomments&post=66"}],"version-history":[{"count":4,"href":"https:\/\/diagnosticoenergeticointegral.com\/index.php?rest_route=\/wp\/v2\/pages\/66\/revisions"}],"predecessor-version":[{"id":165,"href":"https:\/\/diagnosticoenergeticointegral.com\/index.php?rest_route=\/wp\/v2\/pages\/66\/revisions\/165"}],"wp:attachment":[{"href":"https:\/\/diagnosticoenergeticointegral.com\/index.php?rest_route=%2Fwp%2Fv2%2Fmedia&parent=66"}],"curies":[{"name":"wp","href":"https:\/\/api.w.org\/{rel}","templated":true}]}}