{"id":91,"date":"2025-05-24T01:10:53","date_gmt":"2025-05-24T01:10:53","guid":{"rendered":"https:\/\/diagnosticoenergeticointegral.com\/?page_id=91"},"modified":"2025-06-04T18:56:41","modified_gmt":"2025-06-04T18:56:41","slug":"resonare","status":"publish","type":"page","link":"https:\/\/diagnosticoenergeticointegral.com\/?page_id=91","title":{"rendered":"Resonare"},"content":{"rendered":"<div class=\"wp-block-columns is-layout-flex wp-container-core-columns-is-layout-28f84493 wp-block-columns-is-layout-flex\"><div class=\"wp-block-column is-layout-flow wp-block-column-is-layout-flow\" style=\"flex-basis:100%\"><\/div><\/div><div class=\"wp-block-group alignfull has-accent-5-background-color has-background has-global-padding is-layout-constrained wp-container-core-group-is-layout-669513ed wp-block-group-is-layout-constrained\" style=\"margin-top:0;margin-bottom:0;padding-top:var(--wp--preset--spacing--50);padding-right:var(--wp--preset--spacing--50);padding-bottom:var(--wp--preset--spacing--50);padding-left:var(--wp--preset--spacing--50)\"><div class=\"wp-block-columns alignwide is-layout-flex wp-container-core-columns-is-layout-d0846407 wp-block-columns-is-layout-flex\"><div class=\"wp-block-column is-vertically-aligned-stretch is-layout-flow wp-block-column-is-layout-flow\" style=\"flex-basis:40%\"><h3 class=\"wp-block-heading\">ANNEMARIE KINSMAN <\/h3>\n\n<h4 class=\"wp-block-heading\">creadora de Resonare<\/h4>\n\n<p>Annemarie Kinsman se ha certificado en la Escuela de D. E.I.\u00ae Diagn\u00f3stico Energ\u00e9tico Integral con el grado de: Kinesi\u00f3loga D. E. I. Senior. Como terapeuta, Annemarie Kinsman ofrece una combinaci\u00f3n \u00fanica de kinesiolog\u00eda energ\u00e9tica, t\u00e9cnicas de metaf\u00edsica, y las antiguas propiedades de sanaci\u00f3n del sonido y la vibraci\u00f3n.\u00a0<\/p>\n\n<p>Dicha combinaci\u00f3n nace a partir del conocimiento que Annemarie ha obtenido a trav\u00e9s de diversos cursos y programas de estudio. En el a\u00f1o 2013, Annemarie complet\u00f3 sus estudios de kinesiolog\u00eda energ\u00e9tica, obteniendo un diploma en Diagn\u00f3stico Energ\u00e9tico Integral\u00ae DEI. Tambi\u00e9n cuenta con un diploma de masaje de sonido del Instituto Peter Hess en Alemania, y curs\u00f3 estudios en terapia de sonido con Jacomina Kistemaker en Espa\u00f1a. Adem\u00e1s, Annemarie estudi\u00f3 t\u00e9cnicas de metaf\u00edsica y conocimiento m\u00edstico durante tres a\u00f1os a trav\u00e9s de la Escuela Internacional de Metaf\u00edsica y Ciencias Espirituales. Actualmente est\u00e1 crusando la formaci\u00f3n de canto Pansori Living Sound, una tequnica de sanaci\u00f3n atravez de la voz.<\/p>\n\n<p>En su trabajo con ni\u00f1os, j\u00f3venes y adultos, Annemarie se gu\u00eda por su gran sensibilidad, su experiencia de vida, y sus a\u00f1os trabajando como educadora. Su deseo de entender las diferentes dimensiones de la vida y su habilidad para conectar con personas de distintos \u00e1mbitos, Annemarie en sus terapias hace \u00e9nfasis en la importancia de las interrelaciones de todos los aspectos de la vida. &nbsp;<\/p>\n\n<p>Adem\u00e1s de terapias individuales, Annemarie ofrece, conciertos meditativos, talleres de sonido, talleres de conexi\u00f3n con la voz sanadora, y limpiezas energ\u00e9ticas de casas y negocios.&nbsp;<\/p>\n\n<p>Annemarie naci\u00f3 en Suiza, y trabaj\u00f3 como maestra de escuela tanto en su pa\u00eds natal como en Estados Unidos. En el a\u00f1o 1997, ella y su esposo se mudaron a Costa Rica, donde Annemarie trabaj\u00f3 como maestra y directora en un colegio privado. En su rol de directora, sirvi\u00f3 de gu\u00eda para alumnos, maestros, y padres de familia. <\/p><\/div>\n\n<div class=\"wp-block-column is-vertically-aligned-top is-layout-flow wp-block-column-is-layout-flow\" style=\"flex-basis:60%\"><figure class=\"wp-block-image size-large is-style-rounded wp-duotone-unset-2 is-style-rounded--1\"><img loading=\"lazy\" decoding=\"async\" width=\"682\" height=\"1024\" src=\"https:\/\/diagnosticoenergeticointegral.com\/wp-content\/uploads\/2025\/05\/WhatsApp-Image-2025-05-20-at-8.14.23-PM-682x1024.jpeg\" alt=\"\" class=\"wp-image-92\" style=\"aspect-ratio:3\/4;object-fit:cover\" srcset=\"https:\/\/diagnosticoenergeticointegral.com\/wp-content\/uploads\/2025\/05\/WhatsApp-Image-2025-05-20-at-8.14.23-PM-682x1024.jpeg 682w, https:\/\/diagnosticoenergeticointegral.com\/wp-content\/uploads\/2025\/05\/WhatsApp-Image-2025-05-20-at-8.14.23-PM-200x300.jpeg 200w, https:\/\/diagnosticoenergeticointegral.com\/wp-content\/uploads\/2025\/05\/WhatsApp-Image-2025-05-20-at-8.14.23-PM-768x1153.jpeg 768w, https:\/\/diagnosticoenergeticointegral.com\/wp-content\/uploads\/2025\/05\/WhatsApp-Image-2025-05-20-at-8.14.23-PM-1023x1536.jpeg 1023w, https:\/\/diagnosticoenergeticointegral.com\/wp-content\/uploads\/2025\/05\/WhatsApp-Image-2025-05-20-at-8.14.23-PM-600x901.jpeg 600w, https:\/\/diagnosticoenergeticointegral.com\/wp-content\/uploads\/2025\/05\/WhatsApp-Image-2025-05-20-at-8.14.23-PM.jpeg 1066w\" sizes=\"auto, (max-width: 682px) 100vw, 682px\" \/><\/figure>\n\n<div style=\"height:34px\" aria-hidden=\"true\" class=\"wp-block-spacer\"><\/div>\n\n<p>Annemarie comenz\u00f3 sus estudios en kinesiolog\u00eda energ\u00e9tica en el 2010 y tres a\u00f1os m\u00e1s tarde abri\u00f3 su propio consultorio, Resonare, en las monta\u00f1as de San Isidro de Heredia en Costa Rica.&nbsp;<\/p>\n\n<p>En su tiempo libre, Annemarie teje, practica yoga, meditaci\u00f3n y canto, y contin\u00faa sus estudios e investigaci\u00f3n en sanaci\u00f3n hol\u00edstica y vibracional.<\/p>\n\n<p>Annemarie habla ingl\u00e9s, espa\u00f1ol, y alem\u00e1n. Su lengua materna es alem\u00e1n suizo.&nbsp;<\/p><\/div><\/div><\/div><div style=\"height:25px\" aria-hidden=\"true\" class=\"wp-block-spacer\"><\/div><div class=\"wp-block-group alignfull has-global-padding is-layout-constrained wp-container-core-group-is-layout-d89aad35 wp-block-group-is-layout-constrained\" style=\"margin-top:0;margin-bottom:0;padding-top:var(--wp--preset--spacing--50);padding-right:var(--wp--preset--spacing--50);padding-bottom:var(--wp--preset--spacing--50);padding-left:var(--wp--preset--spacing--50)\"><div class=\"wp-block-columns alignwide are-vertically-aligned-center is-layout-flex wp-container-core-columns-is-layout-47c06fe3 wp-block-columns-is-layout-flex\"><div class=\"wp-block-column is-vertically-aligned-center is-layout-flow wp-block-column-is-layout-flow\" style=\"flex-basis:50%\"><h2 class=\"wp-block-heading\">Contacto:<\/h2>\n\n<p class=\"is-style-checkmark-list\">Para m\u00e1s informaci\u00f3n: <a href=\"https:\/\/resonareesp.weebly.com\/\">https:\/\/resonareesp.weebly.com\/<\/a><\/p>\n\n<p>Whatsapp: +506 88652681<\/p>\n\n<p class=\"is-style-checkmark-list\">Correo: kinsmandei@gmail.com<\/p><\/div>\n\n<div class=\"wp-block-column is-vertically-aligned-center is-layout-flow wp-block-column-is-layout-flow\" style=\"flex-basis:50%\"><figure class=\"wp-block-image is-style-rounded is-style-rounded--3\"><a href=\"https:\/\/resonareesp.weebly.com\/\" target=\"_blank\" rel=\" noreferrer noopener\"><img loading=\"lazy\" decoding=\"async\" width=\"944\" height=\"531\" src=\"https:\/\/diagnosticoenergeticointegral.com\/wp-content\/uploads\/2025\/05\/Logo-1.jpeg\" alt=\"\" class=\"wp-image-94\" srcset=\"https:\/\/diagnosticoenergeticointegral.com\/wp-content\/uploads\/2025\/05\/Logo-1.jpeg 944w, https:\/\/diagnosticoenergeticointegral.com\/wp-content\/uploads\/2025\/05\/Logo-1-300x169.jpeg 300w, https:\/\/diagnosticoenergeticointegral.com\/wp-content\/uploads\/2025\/05\/Logo-1-768x432.jpeg 768w, https:\/\/diagnosticoenergeticointegral.com\/wp-content\/uploads\/2025\/05\/Logo-1-600x338.jpeg 600w\" sizes=\"auto, (max-width: 944px) 100vw, 944px\" \/><\/a><\/figure><\/div><\/div><\/div>","protected":false},"excerpt":{"rendered":"<p>ANNEMARIE KINSMAN creadora de Resonare Annemarie Kinsman se ha certificado en la Escuela de D. E.I.\u00ae Diagn\u00f3stico Energ\u00e9tico Integral con el grado de: Kinesi\u00f3loga D. E. I. Senior. Como terapeuta, Annemarie Kinsman ofrece una combinaci\u00f3n \u00fanica de kinesiolog\u00eda energ\u00e9tica, t\u00e9cnicas de metaf\u00edsica, y las antiguas propiedades de sanaci\u00f3n del sonido y la vibraci\u00f3n.\u00a0 Dicha combinaci\u00f3n [&hellip;]<\/p>\n","protected":false},"author":1,"featured_media":0,"parent":0,"menu_order":0,"comment_status":"closed","ping_status":"closed","template":"","meta":{"footnotes":""},"class_list":["post-91","page","type-page","status-publish","hentry"],"yoast_head":"<!-- This site is optimized with the Yoast SEO plugin v25.1 - https:\/\/yoast.com\/wordpress\/plugins\/seo\/ -->\n<title>Resonare - Diagn\u00f3stico Energ\u00e9tico Integral \u00ae<\/title>\n<meta name=\"robots\" content=\"index, follow, max-snippet:-1, max-image-preview:large, max-video-preview:-1\" \/>\n<link rel=\"canonical\" href=\"https:\/\/diagnosticoenergeticointegral.com\/?page_id=91\" \/>\n<meta property=\"og:locale\" content=\"en_US\" \/>\n<meta property=\"og:type\" content=\"article\" \/>\n<meta property=\"og:title\" content=\"Resonare - Diagn\u00f3stico Energ\u00e9tico Integral \u00ae\" \/>\n<meta property=\"og:description\" content=\"ANNEMARIE KINSMAN creadora de Resonare Annemarie Kinsman se ha certificado en la Escuela de D. E.I.\u00ae Diagn\u00f3stico Energ\u00e9tico Integral con el grado de: Kinesi\u00f3loga D. E. I. Senior. Como terapeuta, Annemarie Kinsman ofrece una combinaci\u00f3n \u00fanica de kinesiolog\u00eda energ\u00e9tica, t\u00e9cnicas de metaf\u00edsica, y las antiguas propiedades de sanaci\u00f3n del sonido y la vibraci\u00f3n.\u00a0 Dicha combinaci\u00f3n [&hellip;]\" \/>\n<meta property=\"og:url\" content=\"https:\/\/diagnosticoenergeticointegral.com\/?page_id=91\" \/>\n<meta property=\"og:site_name\" content=\"Diagn\u00f3stico Energ\u00e9tico Integral \u00ae\" \/>\n<meta property=\"article:modified_time\" content=\"2025-06-04T18:56:41+00:00\" \/>\n<meta property=\"og:image\" content=\"https:\/\/diagnosticoenergeticointegral.com\/wp-content\/uploads\/2025\/05\/WhatsApp-Image-2025-05-20-at-8.14.23-PM.jpeg\" \/>\n\t<meta property=\"og:image:width\" content=\"1066\" \/>\n\t<meta property=\"og:image:height\" content=\"1600\" \/>\n\t<meta property=\"og:image:type\" content=\"image\/jpeg\" \/>\n<meta name=\"twitter:card\" content=\"summary_large_image\" \/>\n<meta name=\"twitter:label1\" content=\"Est. reading time\" \/>\n\t<meta name=\"twitter:data1\" content=\"3 minutes\" \/>\n<script type=\"application\/ld+json\" class=\"yoast-schema-graph\">{\"@context\":\"https:\/\/schema.org\",\"@graph\":[{\"@type\":\"WebPage\",\"@id\":\"https:\/\/diagnosticoenergeticointegral.com\/?page_id=91\",\"url\":\"https:\/\/diagnosticoenergeticointegral.com\/?page_id=91\",\"name\":\"Resonare - Diagn\u00f3stico Energ\u00e9tico Integral \u00ae\",\"isPartOf\":{\"@id\":\"https:\/\/diagnosticoenergeticointegral.com\/#website\"},\"primaryImageOfPage\":{\"@id\":\"https:\/\/diagnosticoenergeticointegral.com\/?page_id=91#primaryimage\"},\"image\":{\"@id\":\"https:\/\/diagnosticoenergeticointegral.com\/?page_id=91#primaryimage\"},\"thumbnailUrl\":\"https:\/\/diagnosticoenergeticointegral.com\/wp-content\/uploads\/2025\/05\/WhatsApp-Image-2025-05-20-at-8.14.23-PM-682x1024.jpeg\",\"datePublished\":\"2025-05-24T01:10:53+00:00\",\"dateModified\":\"2025-06-04T18:56:41+00:00\",\"breadcrumb\":{\"@id\":\"https:\/\/diagnosticoenergeticointegral.com\/?page_id=91#breadcrumb\"},\"inLanguage\":\"en-US\",\"potentialAction\":[{\"@type\":\"ReadAction\",\"target\":[\"https:\/\/diagnosticoenergeticointegral.com\/?page_id=91\"]}]},{\"@type\":\"ImageObject\",\"inLanguage\":\"en-US\",\"@id\":\"https:\/\/diagnosticoenergeticointegral.com\/?page_id=91#primaryimage\",\"url\":\"https:\/\/diagnosticoenergeticointegral.com\/wp-content\/uploads\/2025\/05\/WhatsApp-Image-2025-05-20-at-8.14.23-PM.jpeg\",\"contentUrl\":\"https:\/\/diagnosticoenergeticointegral.com\/wp-content\/uploads\/2025\/05\/WhatsApp-Image-2025-05-20-at-8.14.23-PM.jpeg\",\"width\":1066,\"height\":1600},{\"@type\":\"BreadcrumbList\",\"@id\":\"https:\/\/diagnosticoenergeticointegral.com\/?page_id=91#breadcrumb\",\"itemListElement\":[{\"@type\":\"ListItem\",\"position\":1,\"name\":\"Home\",\"item\":\"https:\/\/diagnosticoenergeticointegral.com\/\"},{\"@type\":\"ListItem\",\"position\":2,\"name\":\"Resonare\"}]},{\"@type\":\"WebSite\",\"@id\":\"https:\/\/diagnosticoenergeticointegral.com\/#website\",\"url\":\"https:\/\/diagnosticoenergeticointegral.com\/\",\"name\":\"Diagn\u00f3stico Energ\u00e9tico Integral \u00ae\",\"description\":\"La Kinesiolog\u00eda de la consciencia\",\"publisher\":{\"@id\":\"https:\/\/diagnosticoenergeticointegral.com\/#organization\"},\"potentialAction\":[{\"@type\":\"SearchAction\",\"target\":{\"@type\":\"EntryPoint\",\"urlTemplate\":\"https:\/\/diagnosticoenergeticointegral.com\/?s={search_term_string}\"},\"query-input\":{\"@type\":\"PropertyValueSpecification\",\"valueRequired\":true,\"valueName\":\"search_term_string\"}}],\"inLanguage\":\"en-US\"},{\"@type\":\"Organization\",\"@id\":\"https:\/\/diagnosticoenergeticointegral.com\/#organization\",\"name\":\"Diagn\u00f3stico Energ\u00e9tico Integral \u00ae\",\"url\":\"https:\/\/diagnosticoenergeticointegral.com\/\",\"logo\":{\"@type\":\"ImageObject\",\"inLanguage\":\"en-US\",\"@id\":\"https:\/\/diagnosticoenergeticointegral.com\/#\/schema\/logo\/image\/\",\"url\":\"https:\/\/diagnosticoenergeticointegral.com\/wp-content\/uploads\/2025\/05\/logo_DEI-removebg-preview.png\",\"contentUrl\":\"https:\/\/diagnosticoenergeticointegral.com\/wp-content\/uploads\/2025\/05\/logo_DEI-removebg-preview.png\",\"width\":497,\"height\":502,\"caption\":\"Diagn\u00f3stico Energ\u00e9tico Integral \u00ae\"},\"image\":{\"@id\":\"https:\/\/diagnosticoenergeticointegral.com\/#\/schema\/logo\/image\/\"}}]}<\/script>\n<!-- \/ Yoast SEO plugin. -->","yoast_head_json":{"title":"Resonare - Diagn\u00f3stico Energ\u00e9tico Integral \u00ae","robots":{"index":"index","follow":"follow","max-snippet":"max-snippet:-1","max-image-preview":"max-image-preview:large","max-video-preview":"max-video-preview:-1"},"canonical":"https:\/\/diagnosticoenergeticointegral.com\/?page_id=91","og_locale":"en_US","og_type":"article","og_title":"Resonare - Diagn\u00f3stico Energ\u00e9tico Integral \u00ae","og_description":"ANNEMARIE KINSMAN creadora de Resonare Annemarie Kinsman se ha certificado en la Escuela de D. E.I.\u00ae Diagn\u00f3stico Energ\u00e9tico Integral con el grado de: Kinesi\u00f3loga D. E. I. Senior. Como terapeuta, Annemarie Kinsman ofrece una combinaci\u00f3n \u00fanica de kinesiolog\u00eda energ\u00e9tica, t\u00e9cnicas de metaf\u00edsica, y las antiguas propiedades de sanaci\u00f3n del sonido y la vibraci\u00f3n.\u00a0 Dicha combinaci\u00f3n [&hellip;]","og_url":"https:\/\/diagnosticoenergeticointegral.com\/?page_id=91","og_site_name":"Diagn\u00f3stico Energ\u00e9tico Integral \u00ae","article_modified_time":"2025-06-04T18:56:41+00:00","og_image":[{"width":1066,"height":1600,"url":"https:\/\/diagnosticoenergeticointegral.com\/wp-content\/uploads\/2025\/05\/WhatsApp-Image-2025-05-20-at-8.14.23-PM.jpeg","type":"image\/jpeg"}],"twitter_card":"summary_large_image","twitter_misc":{"Est. reading time":"3 minutes"},"schema":{"@context":"https:\/\/schema.org","@graph":[{"@type":"WebPage","@id":"https:\/\/diagnosticoenergeticointegral.com\/?page_id=91","url":"https:\/\/diagnosticoenergeticointegral.com\/?page_id=91","name":"Resonare - Diagn\u00f3stico Energ\u00e9tico Integral \u00ae","isPartOf":{"@id":"https:\/\/diagnosticoenergeticointegral.com\/#website"},"primaryImageOfPage":{"@id":"https:\/\/diagnosticoenergeticointegral.com\/?page_id=91#primaryimage"},"image":{"@id":"https:\/\/diagnosticoenergeticointegral.com\/?page_id=91#primaryimage"},"thumbnailUrl":"https:\/\/diagnosticoenergeticointegral.com\/wp-content\/uploads\/2025\/05\/WhatsApp-Image-2025-05-20-at-8.14.23-PM-682x1024.jpeg","datePublished":"2025-05-24T01:10:53+00:00","dateModified":"2025-06-04T18:56:41+00:00","breadcrumb":{"@id":"https:\/\/diagnosticoenergeticointegral.com\/?page_id=91#breadcrumb"},"inLanguage":"en-US","potentialAction":[{"@type":"ReadAction","target":["https:\/\/diagnosticoenergeticointegral.com\/?page_id=91"]}]},{"@type":"ImageObject","inLanguage":"en-US","@id":"https:\/\/diagnosticoenergeticointegral.com\/?page_id=91#primaryimage","url":"https:\/\/diagnosticoenergeticointegral.com\/wp-content\/uploads\/2025\/05\/WhatsApp-Image-2025-05-20-at-8.14.23-PM.jpeg","contentUrl":"https:\/\/diagnosticoenergeticointegral.com\/wp-content\/uploads\/2025\/05\/WhatsApp-Image-2025-05-20-at-8.14.23-PM.jpeg","width":1066,"height":1600},{"@type":"BreadcrumbList","@id":"https:\/\/diagnosticoenergeticointegral.com\/?page_id=91#breadcrumb","itemListElement":[{"@type":"ListItem","position":1,"name":"Home","item":"https:\/\/diagnosticoenergeticointegral.com\/"},{"@type":"ListItem","position":2,"name":"Resonare"}]},{"@type":"WebSite","@id":"https:\/\/diagnosticoenergeticointegral.com\/#website","url":"https:\/\/diagnosticoenergeticointegral.com\/","name":"Diagn\u00f3stico Energ\u00e9tico Integral \u00ae","description":"La Kinesiolog\u00eda de la consciencia","publisher":{"@id":"https:\/\/diagnosticoenergeticointegral.com\/#organization"},"potentialAction":[{"@type":"SearchAction","target":{"@type":"EntryPoint","urlTemplate":"https:\/\/diagnosticoenergeticointegral.com\/?s={search_term_string}"},"query-input":{"@type":"PropertyValueSpecification","valueRequired":true,"valueName":"search_term_string"}}],"inLanguage":"en-US"},{"@type":"Organization","@id":"https:\/\/diagnosticoenergeticointegral.com\/#organization","name":"Diagn\u00f3stico Energ\u00e9tico Integral \u00ae","url":"https:\/\/diagnosticoenergeticointegral.com\/","logo":{"@type":"ImageObject","inLanguage":"en-US","@id":"https:\/\/diagnosticoenergeticointegral.com\/#\/schema\/logo\/image\/","url":"https:\/\/diagnosticoenergeticointegral.com\/wp-content\/uploads\/2025\/05\/logo_DEI-removebg-preview.png","contentUrl":"https:\/\/diagnosticoenergeticointegral.com\/wp-content\/uploads\/2025\/05\/logo_DEI-removebg-preview.png","width":497,"height":502,"caption":"Diagn\u00f3stico Energ\u00e9tico Integral \u00ae"},"image":{"@id":"https:\/\/diagnosticoenergeticointegral.com\/#\/schema\/logo\/image\/"}}]}},"_links":{"self":[{"href":"https:\/\/diagnosticoenergeticointegral.com\/index.php?rest_route=\/wp\/v2\/pages\/91","targetHints":{"allow":["GET"]}}],"collection":[{"href":"https:\/\/diagnosticoenergeticointegral.com\/index.php?rest_route=\/wp\/v2\/pages"}],"about":[{"href":"https:\/\/diagnosticoenergeticointegral.com\/index.php?rest_route=\/wp\/v2\/types\/page"}],"author":[{"embeddable":true,"href":"https:\/\/diagnosticoenergeticointegral.com\/index.php?rest_route=\/wp\/v2\/users\/1"}],"replies":[{"embeddable":true,"href":"https:\/\/diagnosticoenergeticointegral.com\/index.php?rest_route=%2Fwp%2Fv2%2Fcomments&post=91"}],"version-history":[{"count":5,"href":"https:\/\/diagnosticoenergeticointegral.com\/index.php?rest_route=\/wp\/v2\/pages\/91\/revisions"}],"predecessor-version":[{"id":188,"href":"https:\/\/diagnosticoenergeticointegral.com\/index.php?rest_route=\/wp\/v2\/pages\/91\/revisions\/188"}],"wp:attachment":[{"href":"https:\/\/diagnosticoenergeticointegral.com\/index.php?rest_route=%2Fwp%2Fv2%2Fmedia&parent=91"}],"curies":[{"name":"wp","href":"https:\/\/api.w.org\/{rel}","templated":true}]}}